{"id":80,"date":"2020-01-25T17:35:05","date_gmt":"2020-01-25T17:35:05","guid":{"rendered":"https:\/\/pawelzebryk.pl\/?page_id=80"},"modified":"2024-02-08T19:43:18","modified_gmt":"2024-02-08T18:43:18","slug":"strona-tytulowa","status":"publish","type":"page","link":"https:\/\/pawelzebryk.pl\/index.php\/strona-tytulowa\/","title":{"rendered":"Reumatolog"},"content":{"rendered":"\n<blockquote class=\"wp-block-quote is-layout-flow wp-block-quote-is-layout-flow\">\n<p>W swojej praktyce zajmuje si\u0119 diagnostyk\u0105 i leczeniem chor\u00f3b reumatycznych (m.in. reumatoidalnego zapalenia staw\u00f3w, \u0142uszycowego zapalenia staw\u00f3w, ZZSK, tocznia rumieniowatego uk\u0142adowego i innych uk\u0142adowych chor\u00f3b tkanki \u0142\u0105cznej oraz osteoporozy). <\/p>\n\n\n\n<p>Staram si\u0119 w spos\u00f3b kompleksowy podej\u015b\u0107 do problem\u00f3w pacjenta i dostosowa\u0107 plan leczenia do jego indywidualnych potrzeb. W celu um\u00f3wienia wizyty prosz\u0119 skorzysta\u0107 z mo\u017cliwo\u015bci um\u00f3wienia online lub kontaktu telefonicznego.<\/p>\n<cite>dr n. med. Pawe\u0142 \u017bebryk,&nbsp;<em>MSc ClinEd<\/em><\/cite><\/blockquote>\n\n\n\n<p><br><\/p>\n","protected":false},"excerpt":{"rendered":"<p>W swojej praktyce zajmuje si\u0119 diagnostyk\u0105 i leczeniem chor\u00f3b reumatycznych (m.in. reumatoidalnego zapalenia staw\u00f3w, \u0142uszycowego zapalenia staw\u00f3w, ZZSK, tocznia rumieniowatego uk\u0142adowego i innych uk\u0142adowych chor\u00f3b tkanki \u0142\u0105cznej oraz osteoporozy). Staram si\u0119 w spos\u00f3b kompleksowy podej\u015b\u0107 do problem\u00f3w pacjenta i dostosowa\u0107 plan leczenia do jego indywidualnych potrzeb. W celu um\u00f3wienia wizyty prosz\u0119 skorzysta\u0107 z mo\u017cliwo\u015bci um\u00f3wienia &hellip; <\/p>\n<p class=\"link-more\"><a href=\"https:\/\/pawelzebryk.pl\/index.php\/strona-tytulowa\/\" class=\"more-link\">Czytaj dalej<span class=\"screen-reader-text\"> \u201eReumatolog\u201d<\/span><\/a><\/p>\n","protected":false},"author":2,"featured_media":0,"parent":0,"menu_order":0,"comment_status":"closed","ping_status":"closed","template":"","meta":{"footnotes":""},"class_list":["post-80","page","type-page","status-publish","hentry"],"_links":{"self":[{"href":"https:\/\/pawelzebryk.pl\/index.php\/wp-json\/wp\/v2\/pages\/80","targetHints":{"allow":["GET"]}}],"collection":[{"href":"https:\/\/pawelzebryk.pl\/index.php\/wp-json\/wp\/v2\/pages"}],"about":[{"href":"https:\/\/pawelzebryk.pl\/index.php\/wp-json\/wp\/v2\/types\/page"}],"author":[{"embeddable":true,"href":"https:\/\/pawelzebryk.pl\/index.php\/wp-json\/wp\/v2\/users\/2"}],"replies":[{"embeddable":true,"href":"https:\/\/pawelzebryk.pl\/index.php\/wp-json\/wp\/v2\/comments?post=80"}],"version-history":[{"count":1,"href":"https:\/\/pawelzebryk.pl\/index.php\/wp-json\/wp\/v2\/pages\/80\/revisions"}],"predecessor-version":[{"id":156,"href":"https:\/\/pawelzebryk.pl\/index.php\/wp-json\/wp\/v2\/pages\/80\/revisions\/156"}],"wp:attachment":[{"href":"https:\/\/pawelzebryk.pl\/index.php\/wp-json\/wp\/v2\/media?parent=80"}],"curies":[{"name":"wp","href":"https:\/\/api.w.org\/{rel}","templated":true}]}}